{"id":1122,"date":"2025-07-31T12:59:13","date_gmt":"2025-07-31T12:59:13","guid":{"rendered":"https:\/\/olimp.online-press.hr\/?page_id=1122"},"modified":"2025-09-10T08:41:06","modified_gmt":"2025-09-10T08:41:06","slug":"ograde-i-dvorisna-vrata","status":"publish","type":"page","link":"https:\/\/olimp.online-press.hr\/en\/ograde-i-dvorisna-vrata\/","title":{"rendered":"Fences and yard gates"},"content":{"rendered":"<div class=\"fusion-fullwidth fullwidth-box fusion-builder-row-1 fusion-flex-container has-pattern-background has-mask-background nonhundred-percent-fullwidth non-hundred-percent-height-scrolling\" style=\"--awb-border-radius-top-left:0px;--awb-border-radius-top-right:0px;--awb-border-radius-bottom-right:0px;--awb-border-radius-bottom-left:0px;--awb-flex-wrap:wrap;\" ><div class=\"fusion-builder-row fusion-row fusion-flex-align-items-flex-start fusion-flex-content-wrap\" style=\"max-width:1248px;margin-left: calc(-4% \/ 2 );margin-right: calc(-4% \/ 2 );\"><div class=\"fusion-layout-column fusion_builder_column fusion-builder-column-0 fusion_builder_column_2_3 2_3 fusion-flex-column\" style=\"--awb-bg-size:cover;--awb-width-large:66.666666666667%;--awb-margin-top-large:0px;--awb-spacing-right-large:2.88%;--awb-margin-bottom-large:20px;--awb-spacing-left-large:2.88%;--awb-width-medium:66.666666666667%;--awb-order-medium:0;--awb-spacing-right-medium:2.88%;--awb-spacing-left-medium:2.88%;--awb-width-small:100%;--awb-order-small:0;--awb-spacing-right-small:1.92%;--awb-spacing-left-small:1.92%;\"><div class=\"fusion-column-wrapper fusion-column-has-shadow fusion-flex-justify-content-flex-start fusion-content-layout-column\"><div class=\"fusion-text fusion-text-1\"><p>Complete fabrication of yard and balcony railings, swing and sliding yard gates, and staircase railings.<\/p>\n<p>Manufactured from galvanized steel or aluminum sheet, powder-coated in the color of your choice.<\/p>\n<p>Possibility of producing sheets to replace worn wooden slats on existing balcony railing structures.<\/p>\n<p>Choice of standard 2D designs from our <a href=\"file:\/\/\/home\/martina\/Downloads\/katalog_compressed.pdf\" target=\"_blank\" rel=\"noopener\"> catalog<\/a> or the latest 3D parametric designs.<\/p>\n<p>Every design can be customized according to the customer\u2019s preferences.<\/p>\n<\/div><div style=\"text-align:center;\"><a class=\"fusion-button button-3d fusion-button-default-size button-default fusion-button-default button-1 fusion-button-span-yes\" target=\"_blank\" rel=\"noopener noreferrer\" href=\"https:\/\/olimp.online-press.hr\/wp-content\/uploads\/2025\/08\/katalog-uzoraka.pdf\"><span class=\"fusion-button-text awb-button__text awb-button__text--default\">Sample Catalog<\/span><\/a><\/div><\/div><\/div><div class=\"fusion-layout-column fusion_builder_column fusion-builder-column-1 fusion_builder_column_1_3 1_3 fusion-flex-column\" style=\"--awb-bg-size:cover;--awb-width-large:33.333333333333%;--awb-margin-top-large:0px;--awb-spacing-right-large:5.76%;--awb-margin-bottom-large:20px;--awb-spacing-left-large:5.76%;--awb-width-medium:33.333333333333%;--awb-order-medium:0;--awb-spacing-right-medium:5.76%;--awb-spacing-left-medium:5.76%;--awb-width-small:100%;--awb-order-small:0;--awb-spacing-right-small:1.92%;--awb-spacing-left-small:1.92%;\"><div class=\"fusion-column-wrapper fusion-column-has-shadow fusion-flex-justify-content-flex-start fusion-content-layout-column\"><div class=\"fusion-image-element\" style=\"text-align:center;--awb-caption-title-font-family:var(--h2_typography-font-family);--awb-caption-title-font-weight:var(--h2_typography-font-weight);--awb-caption-title-font-style:var(--h2_typography-font-style);--awb-caption-title-size:var(--h2_typography-font-size);--awb-caption-title-transform:var(--h2_typography-text-transform);--awb-caption-title-line-height:var(--h2_typography-line-height);--awb-caption-title-letter-spacing:var(--h2_typography-letter-spacing);\"><span class=\"fusion-imageframe imageframe-none imageframe-1 hover-type-none\"><a class=\"fusion-no-lightbox\" href=\"https:\/\/olimp.online-press.hr\/wp-content\/uploads\/2025\/08\/katalog-uzoraka.pdf\" target=\"_blank\" aria-label=\"katalog_small\" rel=\"noopener noreferrer\"><img decoding=\"async\" width=\"400\" height=\"566\" src=\"https:\/\/olimp.online-press.hr\/wp-content\/uploads\/2025\/08\/katalog_small-400x566.png\" alt class=\"img-responsive wp-image-1238 disable-lazyload\" srcset=\"https:\/\/olimp.online-press.hr\/wp-content\/uploads\/2025\/08\/katalog_small-200x283.png 200w, https:\/\/olimp.online-press.hr\/wp-content\/uploads\/2025\/08\/katalog_small-400x566.png 400w, https:\/\/olimp.online-press.hr\/wp-content\/uploads\/2025\/08\/katalog_small.png 550w\" sizes=\"(max-width: 640px) 100vw, 400px\" \/><\/a><\/span><\/div><\/div><\/div><\/div><\/div>","protected":false},"excerpt":{"rendered":"","protected":false},"author":1,"featured_media":0,"parent":0,"menu_order":0,"comment_status":"closed","ping_status":"closed","template":"100-width.php","meta":{"_acf_changed":false,"_bbp_topic_count":0,"_bbp_reply_count":0,"_bbp_total_topic_count":0,"_bbp_total_reply_count":0,"_bbp_voice_count":0,"_bbp_anonymous_reply_count":0,"_bbp_topic_count_hidden":0,"_bbp_reply_count_hidden":0,"_bbp_forum_subforum_count":0,"footnotes":""},"class_list":["post-1122","page","type-page","status-publish","hentry"],"acf":[],"yoast_head":"<!-- This site is optimized with the Yoast SEO plugin v25.8 - https:\/\/yoast.com\/wordpress\/plugins\/seo\/ -->\n<title>Ograde i dvori\u0161na vrata - Lasersko rezanje, perforiranje limova, 3D savijanje \u017eice, ograde i dvori\u0161na vrata<\/title>\n<meta name=\"robots\" content=\"noindex, follow, max-snippet:-1, max-image-preview:large, max-video-preview:-1\" \/>\n<meta property=\"og:locale\" content=\"en_GB\" \/>\n<meta property=\"og:type\" content=\"article\" \/>\n<meta property=\"og:title\" content=\"Ograde i dvori\u0161na vrata - Lasersko rezanje, perforiranje limova, 3D savijanje \u017eice, ograde i dvori\u0161na vrata\" \/>\n<meta property=\"og:url\" content=\"https:\/\/olimp.online-press.hr\/en\/ograde-i-dvorisna-vrata\/\" \/>\n<meta property=\"og:site_name\" content=\"Lasersko rezanje, perforiranje limova, 3D savijanje \u017eice, ograde i dvori\u0161na vrata\" \/>\n<meta property=\"article:modified_time\" content=\"2025-09-10T08:41:06+00:00\" \/>\n<meta name=\"twitter:card\" content=\"summary_large_image\" \/>\n<meta name=\"twitter:label1\" content=\"Estimated reading time\" \/>\n\t<meta name=\"twitter:data1\" content=\"11 minutes\" \/>\n<script type=\"application\/ld+json\" class=\"yoast-schema-graph\">{\"@context\":\"https:\/\/schema.org\",\"@graph\":[{\"@type\":\"WebPage\",\"@id\":\"https:\/\/olimp.online-press.hr\/ograde-i-dvorisna-vrata\/\",\"url\":\"https:\/\/olimp.online-press.hr\/ograde-i-dvorisna-vrata\/\",\"name\":\"Ograde i dvori\u0161na vrata - Lasersko rezanje, perforiranje limova, 3D savijanje \u017eice, ograde i dvori\u0161na vrata\",\"isPartOf\":{\"@id\":\"https:\/\/olimp.online-press.hr\/#website\"},\"datePublished\":\"2025-07-31T12:59:13+00:00\",\"dateModified\":\"2025-09-10T08:41:06+00:00\",\"breadcrumb\":{\"@id\":\"https:\/\/olimp.online-press.hr\/ograde-i-dvorisna-vrata\/#breadcrumb\"},\"inLanguage\":\"en-GB\",\"potentialAction\":[{\"@type\":\"ReadAction\",\"target\":[\"https:\/\/olimp.online-press.hr\/ograde-i-dvorisna-vrata\/\"]}]},{\"@type\":\"BreadcrumbList\",\"@id\":\"https:\/\/olimp.online-press.hr\/ograde-i-dvorisna-vrata\/#breadcrumb\",\"itemListElement\":[{\"@type\":\"ListItem\",\"position\":1,\"name\":\"Po\u010detna stranica\",\"item\":\"https:\/\/olimp.online-press.hr\/\"},{\"@type\":\"ListItem\",\"position\":2,\"name\":\"Ograde i dvori\u0161na vrata\"}]},{\"@type\":\"WebSite\",\"@id\":\"https:\/\/olimp.online-press.hr\/#website\",\"url\":\"https:\/\/olimp.online-press.hr\/\",\"name\":\"Lasersko rezanje, perforiranje limova, 3D savijanje \u017eice, ograde i dvori\u0161na vrata\",\"description\":\"Lasersko rezanje, perforiranje limova, 3D savijanje \u017eice, ograde i dvori\u0161na vrata\",\"potentialAction\":[{\"@type\":\"SearchAction\",\"target\":{\"@type\":\"EntryPoint\",\"urlTemplate\":\"https:\/\/olimp.online-press.hr\/?s={search_term_string}\"},\"query-input\":{\"@type\":\"PropertyValueSpecification\",\"valueRequired\":true,\"valueName\":\"search_term_string\"}}],\"inLanguage\":\"en-GB\"}]}<\/script>\n<!-- \/ Yoast SEO plugin. -->","yoast_head_json":{"title":"Ograde i dvori\u0161na vrata - Lasersko rezanje, perforiranje limova, 3D savijanje \u017eice, ograde i dvori\u0161na vrata","robots":{"index":"noindex","follow":"follow","max-snippet":"max-snippet:-1","max-image-preview":"max-image-preview:large","max-video-preview":"max-video-preview:-1"},"og_locale":"en_GB","og_type":"article","og_title":"Ograde i dvori\u0161na vrata - Lasersko rezanje, perforiranje limova, 3D savijanje \u017eice, ograde i dvori\u0161na vrata","og_url":"https:\/\/olimp.online-press.hr\/en\/ograde-i-dvorisna-vrata\/","og_site_name":"Lasersko rezanje, perforiranje limova, 3D savijanje \u017eice, ograde i dvori\u0161na vrata","article_modified_time":"2025-09-10T08:41:06+00:00","twitter_card":"summary_large_image","twitter_misc":{"Estimated reading time":"11 minutes"},"schema":{"@context":"https:\/\/schema.org","@graph":[{"@type":"WebPage","@id":"https:\/\/olimp.online-press.hr\/ograde-i-dvorisna-vrata\/","url":"https:\/\/olimp.online-press.hr\/ograde-i-dvorisna-vrata\/","name":"Ograde i dvori\u0161na vrata - Lasersko rezanje, perforiranje limova, 3D savijanje \u017eice, ograde i dvori\u0161na vrata","isPartOf":{"@id":"https:\/\/olimp.online-press.hr\/#website"},"datePublished":"2025-07-31T12:59:13+00:00","dateModified":"2025-09-10T08:41:06+00:00","breadcrumb":{"@id":"https:\/\/olimp.online-press.hr\/ograde-i-dvorisna-vrata\/#breadcrumb"},"inLanguage":"en-GB","potentialAction":[{"@type":"ReadAction","target":["https:\/\/olimp.online-press.hr\/ograde-i-dvorisna-vrata\/"]}]},{"@type":"BreadcrumbList","@id":"https:\/\/olimp.online-press.hr\/ograde-i-dvorisna-vrata\/#breadcrumb","itemListElement":[{"@type":"ListItem","position":1,"name":"Po\u010detna stranica","item":"https:\/\/olimp.online-press.hr\/"},{"@type":"ListItem","position":2,"name":"Ograde i dvori\u0161na vrata"}]},{"@type":"WebSite","@id":"https:\/\/olimp.online-press.hr\/#website","url":"https:\/\/olimp.online-press.hr\/","name":"Laser cutting, sheet metal perforating, 3D wire bending, fences and garden gates","description":"Laser cutting, sheet metal perforating, 3D wire bending, fences and garden gates","potentialAction":[{"@type":"SearchAction","target":{"@type":"EntryPoint","urlTemplate":"https:\/\/olimp.online-press.hr\/?s={search_term_string}"},"query-input":{"@type":"PropertyValueSpecification","valueRequired":true,"valueName":"search_term_string"}}],"inLanguage":"en-GB"}]}},"_links":{"self":[{"href":"https:\/\/olimp.online-press.hr\/en\/wp-json\/wp\/v2\/pages\/1122","targetHints":{"allow":["GET"]}}],"collection":[{"href":"https:\/\/olimp.online-press.hr\/en\/wp-json\/wp\/v2\/pages"}],"about":[{"href":"https:\/\/olimp.online-press.hr\/en\/wp-json\/wp\/v2\/types\/page"}],"author":[{"embeddable":true,"href":"https:\/\/olimp.online-press.hr\/en\/wp-json\/wp\/v2\/users\/1"}],"replies":[{"embeddable":true,"href":"https:\/\/olimp.online-press.hr\/en\/wp-json\/wp\/v2\/comments?post=1122"}],"version-history":[{"count":12,"href":"https:\/\/olimp.online-press.hr\/en\/wp-json\/wp\/v2\/pages\/1122\/revisions"}],"predecessor-version":[{"id":1536,"href":"https:\/\/olimp.online-press.hr\/en\/wp-json\/wp\/v2\/pages\/1122\/revisions\/1536"}],"wp:attachment":[{"href":"https:\/\/olimp.online-press.hr\/en\/wp-json\/wp\/v2\/media?parent=1122"}],"curies":[{"name":"wp","href":"https:\/\/api.w.org\/{rel}","templated":true}]}}